{"id":15,"date":"2026-05-15T03:33:42","date_gmt":"2026-05-15T03:33:42","guid":{"rendered":"https:\/\/qs88.wiki\/?page_id=15"},"modified":"2026-05-15T05:34:27","modified_gmt":"2026-05-15T05:34:27","slug":"qs88","status":"publish","type":"page","link":"https:\/\/qs88.wiki\/","title":{"rendered":"QS88"},"content":{"rendered":"<div class=\"slider-wrapper relative\" id=\"slider-652822106\" >\n    <div class=\"slider slider-nav-circle slider-nav-large slider-nav-light slider-style-normal\"\n        data-flickity-options='{\n            \"cellAlign\": \"center\",\n            \"imagesLoaded\": true,\n            \"lazyLoad\": 1,\n            \"freeScroll\": false,\n            \"wrapAround\": true,\n            \"autoPlay\": 6000,\n            \"pauseAutoPlayOnHover\" : true,\n            \"prevNextButtons\": true,\n            \"contain\" : true,\n            \"adaptiveHeight\" : true,\n            \"dragThreshold\" : 10,\n            \"percentPosition\": true,\n            \"pageDots\": true,\n            \"rightToLeft\": false,\n            \"draggable\": true,\n            \"selectedAttraction\": 0.1,\n            \"parallax\" : 0,\n            \"friction\": 0.6        }'\n        >\n        \n\t<div class=\"img has-hover x md-x lg-x y md-y lg-y\" id=\"image_2032070832\">\n\t\t\t\t\t\t\t\t<div class=\"img-inner dark\" >\n\t\t\t<img loading=\"lazy\" decoding=\"async\" width=\"1920\" height=\"380\" src=\"https:\/\/qs88.wiki\/wp-content\/uploads\/2026\/05\/6bcdbde1-6a2a-4f6e-ba3c-0d0f06f35ed3-1.jpg\" class=\"attachment-original size-original\" alt=\"banner ch\u00ednh th\u1ee9c QS88\" srcset=\"https:\/\/qs88.wiki\/wp-content\/uploads\/2026\/05\/6bcdbde1-6a2a-4f6e-ba3c-0d0f06f35ed3-1.jpg 1920w, https:\/\/qs88.wiki\/wp-content\/uploads\/2026\/05\/6bcdbde1-6a2a-4f6e-ba3c-0d0f06f35ed3-1-300x59.jpg 300w, https:\/\/qs88.wiki\/wp-content\/uploads\/2026\/05\/6bcdbde1-6a2a-4f6e-ba3c-0d0f06f35ed3-1-1024x203.jpg 1024w, https:\/\/qs88.wiki\/wp-content\/uploads\/2026\/05\/6bcdbde1-6a2a-4f6e-ba3c-0d0f06f35ed3-1-768x152.jpg 768w, https:\/\/qs88.wiki\/wp-content\/uploads\/2026\/05\/6bcdbde1-6a2a-4f6e-ba3c-0d0f06f35ed3-1-1536x304.jpg 1536w\" sizes=\"auto, (max-width: 1920px) 100vw, 1920px\" \/>\t\t\t\t\t\t\n\t\t\t\t\t<\/div>\n\t\t\t\t\t\t\t\t\n<style>\n#image_2032070832 {\n  width: 100%;\n}\n<\/style>\n\t<\/div>\n\t\n     <\/div>\n\n     <div class=\"loading-spin dark large centered\"><\/div>\n\n\t<\/div>\n\n\n\n\t<section class=\"section\" id=\"section_1413784200\">\n\t\t<div class=\"section-bg fill\" >\n\t\t\t\t\t\t\t\t\t\n\t\t\t\n\n\t\t<\/div>\n\n\t\t\n\n\t\t<div class=\"section-content relative\">\n\t\t\t\n<div class=\"row\"  id=\"row-1711588687\">\n\n\t<div id=\"col-1674038446\" class=\"col small-12 large-12\"  >\n\t\t\t\t<div class=\"col-inner\"  >\n\t\t\t\n\t\t\t\n<div class=\"container section-title-container\" ><h1 class=\"section-title section-title-center\"><b aria-hidden=\"true\"><\/b><span class=\"section-title-main\" >QS88 \u2013 QS88.WIKI | TRANG CH\u1ee6 QS88.COM CH\u00cdNH TH\u1ee8C +88K<\/span><b aria-hidden=\"true\"><\/b><\/h1><\/div>\n<p><a href=\"https:\/\/qs88.wiki\/\">QS88<\/a> \u0111ang tr\u1edf th\u00e0nh \u0111i\u1ec3m \u0111\u1ebfn h\u00e0ng \u0111\u1ea7u cho nh\u1eefng ng\u01b0\u1eddi y\u00eau th\u00edch c\u00e1 c\u01b0\u1ee3c tr\u1ef1c tuy\u1ebfn nh\u1edd h\u1ec7 th\u1ed1ng tr\u00f2 ch\u01a1i \u0111a d\u1ea1ng, giao di\u1ec7n hi\u1ec7n \u0111\u1ea1i v\u00e0 tr\u1ea3i nghi\u1ec7m gi\u1ea3i tr\u00ed chuy\u00ean nghi\u1ec7p. T\u1ea1i QS88, ng\u01b0\u1eddi ch\u01a1i c\u00f3 th\u1ec3 tham gia c\u01b0\u1ee3c th\u1ec3 thao, casino live, slot game c\u00f9ng nhi\u1ec1u \u01b0u \u0111\u00e3i h\u1ea5p d\u1eabn v\u1edbi t\u1ed1c \u0111\u1ed9 n\u1ea1p r\u00fat nhanh ch\u00f3ng v\u00e0 b\u1ea3o m\u1eadt an to\u00e0n tuy\u1ec7t \u0111\u1ed1i.<\/p>\n\t\t<\/div>\n\t\t\t\t\t<\/div>\n\n\t\n<\/div>\n\t\t<\/div>\n\n\t\t\n<style>\n#section_1413784200 {\n  padding-top: 30px;\n  padding-bottom: 30px;\n}\n<\/style>\n\t<\/section>\n\t\n\n\t<section class=\"section\" id=\"section_1374310099\">\n\t\t<div class=\"section-bg fill\" >\n\t\t\t\t\t\t\t\t\t\n\t\t\t\n\n\t\t<\/div>\n\n\t\t\n\n\t\t<div class=\"section-content relative\">\n\t\t\t\n<div class=\"row\"  id=\"row-584137371\">\n\n\t<div id=\"col-702002399\" class=\"col medium-6 small-12 large-6\"  >\n\t\t\t\t<div class=\"col-inner\"  >\n\t\t\t\n\t\t\t\n\t<div class=\"img has-hover x md-x lg-x y md-y lg-y\" id=\"image_1726637375\">\n\t\t\t\t\t\t\t\t<div class=\"img-inner dark\" >\n\t\t\t<img loading=\"lazy\" decoding=\"async\" width=\"600\" height=\"482\" src=\"https:\/\/qs88.wiki\/wp-content\/uploads\/2026\/05\/app.png\" class=\"attachment-original size-original\" alt=\"mockup QS88\" srcset=\"https:\/\/qs88.wiki\/wp-content\/uploads\/2026\/05\/app.png 600w, https:\/\/qs88.wiki\/wp-content\/uploads\/2026\/05\/app-300x241.png 300w\" sizes=\"auto, (max-width: 600px) 100vw, 600px\" \/>\t\t\t\t\t\t\n\t\t\t\t\t<\/div>\n\t\t\t\t\t\t\t\t\n<style>\n#image_1726637375 {\n  width: 100%;\n}\n<\/style>\n\t<\/div>\n\t\n\t\t<\/div>\n\t\t\t\t\t<\/div>\n\n\t\n\n\t<div id=\"col-1154689987\" class=\"col medium-6 small-12 large-6\"  >\n\t\t\t\t<div class=\"col-inner\"  >\n\t\t\t\n\t\t\t\n<div class=\"row\"  id=\"row-1613302137\">\n\n\t<div id=\"col-809226678\" class=\"col small-12 large-12\"  >\n\t\t\t\t<div class=\"col-inner\"  >\n\t\t\t\n\t\t\t\n<div class=\"container section-title-container\" ><h3 class=\"section-title section-title-center\"><b aria-hidden=\"true\"><\/b><span class=\"section-title-main\" >T\u1ea3i \u1ee8ng D\u1ee5ng QS88 V\u1ec1 MoBIFONE<\/span><b aria-hidden=\"true\"><\/b><\/h3><\/div>\n<p>T\u1ea3i ngay \u1ee9ng d\u1ee5ng QS88 cho \u0111i\u1ec7n tho\u1ea1i v\u1edbi \u0111\u1ea7y \u0111\u1ee7 phi\u00ean b\u1ea3n d\u00e0nh cho IOS &amp; ANDROID \u0111\u1ec3 t\u1eadn h\u01b0\u1edfng tr\u1ea3i nghi\u1ec7m gi\u1ea3i tr\u00ed m\u01b0\u1ee3t m\u00e0, t\u1ed1c \u0111\u1ed9 \u1ed5n \u0111\u1ecbnh v\u00e0 h\u1ec7 th\u1ed1ng b\u1ea3o m\u1eadt an to\u00e0n tuy\u1ec7t \u0111\u1ed1i \ud83d\udd12. \u1ee8ng d\u1ee5ng QS88 t\u00edch h\u1ee3p \u0111a d\u1ea1ng s\u1ea3n ph\u1ea9m h\u1ea5p d\u1eabn nh\u01b0 \ud83c\udfb0 N\u1ed5 H\u0169, \ud83d\udc1f B\u1eafn C\u00e1, \u26bd Th\u1ec3 Thao, \ud83c\udfae E-Sports, \ud83d\udc13 \u0110\u00e1 G\u00e0 v\u00e0 \ud83c\udf9f\ufe0f X\u1ed5 S\u1ed1, gi\u00fap ng\u01b0\u1eddi ch\u01a1i gi\u1ea3i tr\u00ed ti\u1ec7n l\u1ee3i m\u1ecdi l\u00fac m\u1ecdi n\u01a1i.<\/p>\n\t\t<\/div>\n\t\t\t\t\t<\/div>\n\n\t\n<\/div>\n<div class=\"row\"  id=\"row-1268139413\">\n\n\t<div id=\"col-815953132\" class=\"col medium-6 small-12 large-6\"  >\n\t\t\t\t<div class=\"col-inner\"  >\n\t\t\t\n\t\t\t\n\t<div class=\"img has-hover x md-x lg-x y md-y lg-y\" id=\"image_1743157672\">\n\t\t\t\t\t\t\t\t<div class=\"img-inner dark\" >\n\t\t\t<img loading=\"lazy\" decoding=\"async\" width=\"437\" height=\"169\" src=\"https:\/\/qs88.wiki\/wp-content\/uploads\/2026\/05\/gift1-1.gif\" class=\"attachment-original size-original\" alt=\"t\u1ea3i IOS QS88\" \/>\t\t\t\t\t\t\n\t\t\t\t\t<\/div>\n\t\t\t\t\t\t\t\t\n<style>\n#image_1743157672 {\n  width: 100%;\n}\n<\/style>\n\t<\/div>\n\t\n\t\t<\/div>\n\t\t\t\t\t<\/div>\n\n\t\n\n\t<div id=\"col-1436513968\" class=\"col medium-6 small-12 large-6\"  >\n\t\t\t\t<div class=\"col-inner\"  >\n\t\t\t\n\t\t\t\n\t<div class=\"img has-hover x md-x lg-x y md-y lg-y\" id=\"image_1275789041\">\n\t\t\t\t\t\t\t\t<div class=\"img-inner dark\" >\n\t\t\t<img loading=\"lazy\" decoding=\"async\" width=\"437\" height=\"169\" src=\"https:\/\/qs88.wiki\/wp-content\/uploads\/2026\/05\/gift2-1.gif\" class=\"attachment-original size-original\" alt=\"T\u1ea3i Android QS88\" \/>\t\t\t\t\t\t\n\t\t\t\t\t<\/div>\n\t\t\t\t\t\t\t\t\n<style>\n#image_1275789041 {\n  width: 100%;\n}\n<\/style>\n\t<\/div>\n\t\n\t\t<\/div>\n\t\t\t\t\t<\/div>\n\n\t\n<\/div>\n\t\t<\/div>\n\t\t\t\t\t<\/div>\n\n\t\n<\/div>\n\t\t<\/div>\n\n\t\t\n<style>\n#section_1374310099 {\n  padding-top: 30px;\n  padding-bottom: 30px;\n}\n<\/style>\n\t<\/section>\n\t\n","protected":false},"excerpt":{"rendered":"","protected":false},"author":1,"featured_media":0,"parent":0,"menu_order":0,"comment_status":"closed","ping_status":"closed","template":"page-blank.php","meta":{"footnotes":""},"class_list":["post-15","page","type-page","status-publish","hentry"],"_links":{"self":[{"href":"https:\/\/qs88.wiki\/index.php?rest_route=\/wp\/v2\/pages\/15","targetHints":{"allow":["GET"]}}],"collection":[{"href":"https:\/\/qs88.wiki\/index.php?rest_route=\/wp\/v2\/pages"}],"about":[{"href":"https:\/\/qs88.wiki\/index.php?rest_route=\/wp\/v2\/types\/page"}],"author":[{"embeddable":true,"href":"https:\/\/qs88.wiki\/index.php?rest_route=\/wp\/v2\/users\/1"}],"replies":[{"embeddable":true,"href":"https:\/\/qs88.wiki\/index.php?rest_route=%2Fwp%2Fv2%2Fcomments&post=15"}],"version-history":[{"count":7,"href":"https:\/\/qs88.wiki\/index.php?rest_route=\/wp\/v2\/pages\/15\/revisions"}],"predecessor-version":[{"id":48,"href":"https:\/\/qs88.wiki\/index.php?rest_route=\/wp\/v2\/pages\/15\/revisions\/48"}],"wp:attachment":[{"href":"https:\/\/qs88.wiki\/index.php?rest_route=%2Fwp%2Fv2%2Fmedia&parent=15"}],"curies":[{"name":"wp","href":"https:\/\/api.w.org\/{rel}","templated":true}]}}